{"id":32,"date":"2023-09-11T15:12:23","date_gmt":"2023-09-11T15:12:23","guid":{"rendered":"https:\/\/www.abt.dk\/?page_id=32"},"modified":"2023-09-25T18:00:30","modified_gmt":"2023-09-25T18:00:30","slug":"kontakt","status":"publish","type":"page","link":"https:\/\/www.abt.dk\/?page_id=32","title":{"rendered":"Kontakt"},"content":{"rendered":"\n<div class=\"wp-block-stackable-columns stk-block-columns stk-block stk-3024493\" data-block-id=\"3024493\"><div class=\"stk-row stk-inner-blocks stk-block-content stk-content-align stk-3024493-column\">\n<div class=\"wp-block-stackable-column stk-block-column stk-column stk-block stk-6434c96\" data-v=\"4\" data-block-id=\"6434c96\"><div class=\"stk-column-wrapper stk-block-column__content stk-container stk-6434c96-container stk--no-background stk--no-padding\"><div class=\"stk-block-content stk-inner-blocks stk-6434c96-inner-blocks\">\n<div class=\"wp-block-stackable-team-member stk-block-team-member stk-block stk-d23de57 is-style-default\" data-v=\"2\" data-block-id=\"d23de57\"><div class=\"stk-block-team-member__content stk-content-align stk-d23de57-column stk-container stk-d23de57-container stk-hover-parent\"><div class=\"stk-block-content stk-inner-blocks has-text-align-center stk-d23de57-inner-blocks\">\n<div class=\"wp-block-stackable-image stk-block-image stk-block stk-3d07e57\" data-block-id=\"3d07e57\"><style>.stk-3d07e57 .stk-img-wrapper{width:150px !important;height:150px !important}.stk-3d07e57 .stk-img-wrapper img,.stk-3d07e57 .stk-img-wrapper::after,.stk-3d07e57 .stk-img-wrapper::before{mask-image:url('data:image\/svg+xml;base64,PHN2ZyB4bWxucz0iaHR0cDovL3d3dy53My5vcmcvMjAwMC9zdmciIHZpZXdCb3g9IjAgMCAxMDAgMTAwIiBwcmVzZXJ2ZUFzcGVjdFJhdGlvPSJub25lIj48Y2lyY2xlIGN4PSI1MCIgY3k9IjUwIiByPSI1MCI+PC9jaXJjbGU+PC9zdmc+') !important;-webkit-mask-image:url('data:image\/svg+xml;base64,PHN2ZyB4bWxucz0iaHR0cDovL3d3dy53My5vcmcvMjAwMC9zdmciIHZpZXdCb3g9IjAgMCAxMDAgMTAwIiBwcmVzZXJ2ZUFzcGVjdFJhdGlvPSJub25lIj48Y2lyY2xlIGN4PSI1MCIgY3k9IjUwIiByPSI1MCI+PC9jaXJjbGU+PC9zdmc+') !important}<\/style><figure class=\"stk-img-wrapper stk-img--shape stk-image--shape-stretch\"><img loading=\"lazy\" decoding=\"async\" class=\"stk-img wp-image-179\" src=\"https:\/\/www.abt.dk\/wp-content\/uploads\/2023\/09\/Anette.jpeg\" width=\"1222\" height=\"1052\" srcset=\"https:\/\/www.abt.dk\/wp-content\/uploads\/2023\/09\/Anette.jpeg 1222w, https:\/\/www.abt.dk\/wp-content\/uploads\/2023\/09\/Anette-300x258.jpeg 300w, https:\/\/www.abt.dk\/wp-content\/uploads\/2023\/09\/Anette-1024x882.jpeg 1024w, https:\/\/www.abt.dk\/wp-content\/uploads\/2023\/09\/Anette-768x661.jpeg 768w\" sizes=\"auto, (max-width: 1222px) 100vw, 1222px\" \/><\/figure><\/div>\n\n\n\n<div class=\"wp-block-stackable-heading stk-block-heading stk-block-heading--v2 stk-block stk-aaca96f\" id=\"anette-okholm\" data-block-id=\"aaca96f\"><h3 class=\"stk-block-heading__text\">Anette Okholm<\/h3><\/div>\n\n\n\n<div class=\"wp-block-stackable-subtitle stk-block-subtitle stk-block stk-16880d0\" data-block-id=\"16880d0\"><p class=\"stk-block-subtitle__text stk-subtitle\">Projektkoordinator og underviser<\/p><\/div>\n\n\n\n<div class=\"wp-block-stackable-subtitle stk-block-subtitle stk-block stk-9202ef4\" data-block-id=\"9202ef4\"><p class=\"stk-block-subtitle__text stk-subtitle\">Det Bl\u00e5 Gymnasium T\u00f8nder<\/p><\/div>\n\n\n\n<div class=\"wp-block-stackable-text stk-block-text stk-block stk-c954f34\" data-block-id=\"c954f34\"><p class=\"stk-block-text__text\">Hvis du har sp\u00f8rgsm\u00e5l til eller om projektet, s\u00e5 er du velkommen til at kontakte Anette p\u00e5 ao@toha.dk<\/p><\/div>\n<\/div><\/div><\/div>\n<\/div><\/div><\/div>\n\n\n\n<div class=\"wp-block-stackable-column stk-block-column stk-column stk-block stk-8423f5c\" data-v=\"4\" data-block-id=\"8423f5c\"><div class=\"stk-column-wrapper stk-block-column__content stk-container stk-8423f5c-container stk--no-background stk--no-padding\"><div class=\"stk-block-content stk-inner-blocks stk-8423f5c-inner-blocks\">\n<div class=\"wp-block-stackable-team-member stk-block-team-member stk-block stk-c708198 is-style-default\" data-v=\"2\" data-block-id=\"c708198\"><div class=\"stk-block-team-member__content stk-content-align stk-c708198-column stk-container stk-c708198-container stk-hover-parent\"><div class=\"stk-block-content stk-inner-blocks has-text-align-center stk-c708198-inner-blocks\">\n<div class=\"wp-block-stackable-image stk-block-image stk-block stk-a11a470\" data-block-id=\"a11a470\"><style>.stk-a11a470 .stk-img-wrapper{width:150px !important;height:150px !important}.stk-a11a470 .stk-img-wrapper img,.stk-a11a470 .stk-img-wrapper::after,.stk-a11a470 .stk-img-wrapper::before{mask-image:url('data:image\/svg+xml;base64,PHN2ZyB4bWxucz0iaHR0cDovL3d3dy53My5vcmcvMjAwMC9zdmciIHZpZXdCb3g9IjAgMCAxMDAgMTAwIiBwcmVzZXJ2ZUFzcGVjdFJhdGlvPSJub25lIj48Y2lyY2xlIGN4PSI1MCIgY3k9IjUwIiByPSI1MCI+PC9jaXJjbGU+PC9zdmc+') !important;-webkit-mask-image:url('data:image\/svg+xml;base64,PHN2ZyB4bWxucz0iaHR0cDovL3d3dy53My5vcmcvMjAwMC9zdmciIHZpZXdCb3g9IjAgMCAxMDAgMTAwIiBwcmVzZXJ2ZUFzcGVjdFJhdGlvPSJub25lIj48Y2lyY2xlIGN4PSI1MCIgY3k9IjUwIiByPSI1MCI+PC9jaXJjbGU+PC9zdmc+') !important}<\/style><figure class=\"stk-img-wrapper stk-img--shape stk-image--shape-stretch\"><img loading=\"lazy\" decoding=\"async\" class=\"stk-img wp-image-180\" src=\"https:\/\/www.abt.dk\/wp-content\/uploads\/2023\/09\/Ole.jpeg\" width=\"299\" height=\"308\" srcset=\"https:\/\/www.abt.dk\/wp-content\/uploads\/2023\/09\/Ole.jpeg 299w, https:\/\/www.abt.dk\/wp-content\/uploads\/2023\/09\/Ole-291x300.jpeg 291w\" sizes=\"auto, (max-width: 299px) 100vw, 299px\" \/><\/figure><\/div>\n\n\n\n<div class=\"wp-block-stackable-heading stk-block-heading stk-block-heading--v2 stk-block stk-2914dd7\" id=\"ole-dalsgaard\" data-block-id=\"2914dd7\"><h3 class=\"stk-block-heading__text\">Ole Dalsgaard<\/h3><\/div>\n\n\n\n<div class=\"wp-block-stackable-subtitle stk-block-subtitle stk-block stk-93aa647\" data-block-id=\"93aa647\"><p class=\"stk-block-subtitle__text stk-subtitle\">Projektleder og Uddannelsesleder<\/p><\/div>\n\n\n\n<div class=\"wp-block-stackable-subtitle stk-block-subtitle stk-block stk-0f8aaa4\" data-block-id=\"0f8aaa4\"><p class=\"stk-block-subtitle__text stk-subtitle\">Det Bl\u00e5 Gymnasium T\u00f8nder<\/p><\/div>\n\n\n\n<div class=\"wp-block-stackable-text stk-block-text stk-block stk-da9a2c9\" data-block-id=\"da9a2c9\"><p class=\"stk-block-text__text\">Ole kan kontaktes p\u00e5 od@toha.dk<\/p><\/div>\n<\/div><\/div><\/div>\n<\/div><\/div><\/div>\n<\/div><\/div>\n","protected":false},"excerpt":{"rendered":"<p>Anette Okholm Projektkoordinator og underviser Det Bl\u00e5 Gymnasium T\u00f8nder Hvis du har sp\u00f8rgsm\u00e5l til eller om projektet, s\u00e5 er du velkommen til at kontakte Anette p\u00e5 ao@toha.dk Ole Dalsgaard Projektleder og Uddannelsesleder Det Bl\u00e5 Gymnasium T\u00f8nder Ole kan kontaktes p\u00e5 od@toha.dk<\/p>\n","protected":false},"author":1,"featured_media":0,"parent":0,"menu_order":0,"comment_status":"closed","ping_status":"closed","template":"","meta":{"footnotes":""},"class_list":["post-32","page","type-page","status-publish","hentry"],"_links":{"self":[{"href":"https:\/\/www.abt.dk\/index.php?rest_route=\/wp\/v2\/pages\/32","targetHints":{"allow":["GET"]}}],"collection":[{"href":"https:\/\/www.abt.dk\/index.php?rest_route=\/wp\/v2\/pages"}],"about":[{"href":"https:\/\/www.abt.dk\/index.php?rest_route=\/wp\/v2\/types\/page"}],"author":[{"embeddable":true,"href":"https:\/\/www.abt.dk\/index.php?rest_route=\/wp\/v2\/users\/1"}],"replies":[{"embeddable":true,"href":"https:\/\/www.abt.dk\/index.php?rest_route=%2Fwp%2Fv2%2Fcomments&post=32"}],"version-history":[{"count":3,"href":"https:\/\/www.abt.dk\/index.php?rest_route=\/wp\/v2\/pages\/32\/revisions"}],"predecessor-version":[{"id":181,"href":"https:\/\/www.abt.dk\/index.php?rest_route=\/wp\/v2\/pages\/32\/revisions\/181"}],"wp:attachment":[{"href":"https:\/\/www.abt.dk\/index.php?rest_route=%2Fwp%2Fv2%2Fmedia&parent=32"}],"curies":[{"name":"wp","href":"https:\/\/api.w.org\/{rel}","templated":true}]}}